{"id":354,"date":"2025-11-07T17:51:28","date_gmt":"2025-11-07T16:51:28","guid":{"rendered":"https:\/\/www.edelweiss-goetzens.com\/?page_id=354"},"modified":"2025-11-07T18:08:37","modified_gmt":"2025-11-07T17:08:37","slug":"preisliste-winter-25-26","status":"publish","type":"page","link":"https:\/\/www.edelweiss-goetzens.com\/?page_id=354","title":{"rendered":"Preisliste Winter 25\/26"},"content":{"rendered":"\n<p>g\u00fcltig ab 1 Nacht Aufenthalt &#8211; f\u00fcr l\u00e4ngere Aufenthalte erstellen wir Ihnen gerne ein individuelles Angebot.<\/p>\n\n\n\n<p>die Preise sind ohne Verpflegung (room-only); Preise und Zuschl\u00e4ge verstehen sich immer pro Person pro Nacht und beinhalten alle Steuern mit Ausnahme der Kurtaxe.<\/p>\n\n\n\n<figure class=\"wp-block-table is-style-stripes\"><table class=\"has-fixed-layout\"><tbody><tr><td>1.12.2025<\/td><td>21.12.2025<\/td><td>\ufeff<\/td><td>\u20ac 45,00<\/td><\/tr><tr><td>21.12.2025<\/td><td>28.12.2025<\/td><td>\ufeff<\/td><td>\u20ac 60,00<\/td><\/tr><tr><td>28.12.2025<\/td><td>3.1.2026<\/td><td>\ufeff<\/td><td>\u20ac 70,00<\/td><\/tr><tr><td>3.1.2026<\/td><td>6.1.2026<\/td><td>\ufeff<\/td><td>\u20ac 60,00<\/td><\/tr><tr><td>6.1.2026<\/td><td>7.2.2026<\/td><td>\ufeff<\/td><td>\u20ac 45,00<\/td><\/tr><tr><td>7.2.2026<\/td><td>21.2.2026<\/td><td>\ufeff<\/td><td>\u20ac 55,00<\/td><\/tr><tr><td>21.2.2026<\/td><td>7.3.2026<\/td><td>\ufeff<\/td><td>\u20ac 50,00<\/td><\/tr><tr><td>7.3.2026<\/td><td>30.4.2026<\/td><td>\ufeff<\/td><td>\u20ac 45,00<\/td><\/tr><\/tbody><\/table><\/figure>\n\n\n\n<h2 class=\"wp-block-heading\">Zuschl\u00e4ge<\/h2>\n\n\n\n<figure class=\"wp-block-table is-style-stripes\"><table class=\"has-fixed-layout\"><tbody><tr><td>Wochenende (Freitag und Samstag)<\/td><td>\ufeff<\/td><td>\u20ac 5,00<\/td><\/tr><tr><td>Komfortzimmer<\/td><td>\ufeff<\/td><td>\u20ac 5,00<\/td><\/tr><tr><td>2-Raum-Appartment<\/td><td>\ufeff<\/td><td>\u20ac 10,00<\/td><\/tr><tr><td>Einzelzimmer<\/td><td>\ufeff<\/td><td>\u20ac 25,00<\/td><\/tr><tr><td>Doppelzimmer<\/td><td>solo-use<\/td><td>\u20ac 35,00<\/td><\/tr><\/tbody><\/table><\/figure>\n\n\n\n<h2 class=\"wp-block-heading\">Verpflegung<\/h2>\n\n\n\n<figure class=\"wp-block-table is-style-stripes\"><table class=\"has-fixed-layout\"><tbody><tr><td>reichhaltiges Fr\u00fchst\u00fccksbuffet<\/td><td>+ \u20ac 10,00<\/td><\/tr><tr><td>Halbpension 4-Gang-Wahlmen\u00fc am Abend (3-Gang-Men\u00fc mit t\u00e4glich frischem<br>Salatbuffet)<\/td><td>+ \u20ac 20,0<\/td><\/tr><\/tbody><\/table><\/figure>\n\n\n\n<p>am Heiligen Abend (24.12.) servieren wir ein festliches 4-Gang-Men\u00fc (zum Preis von \u20ac 25,-) und am Silvesterabend (31.12.) ein festliches 4-Gang-Men\u00fc mit einem Glas Sekt (zum Preis von \u20ac 35,-).<\/p>\n\n\n\n<h2 class=\"wp-block-heading\">Kurtaxe \/ Ortstaxe<\/h2>\n\n\n\n<p>alle unser G\u00e4ste erhalten gerne unsere Welcome Card &#8211; die Kurtaxe betr\u00e4gt aktuell \u20ac 3,- \/ Person \/ Nacht f\u00fcr alle G\u00e4ste \u00e4lter als 15 Jahre.<\/p>\n\n\n\n<h2 class=\"wp-block-heading\">Kinder &amp; Jugendliche<\/h2>\n\n\n\n<p>Auf unsere regul\u00e4ren Zimmerpreise bekommen Kinder Erm\u00e4ssigungen wie folgt:<\/p>\n\n\n\n<figure class=\"wp-block-table is-style-stripes\"><table class=\"has-fixed-layout\"><tbody><tr><td>Babys 0-2 Jahre<\/td><td>kostenlos<\/td><\/tr><tr><td>3 &#8211; 5 Jahre<\/td><td>kostenlos<\/td><\/tr><tr><td>6 &#8211; 11 Jahre<\/td><td>50% Erm\u00e4ssigung<\/td><\/tr><tr><td>12-15 Jahre<\/td><td>20% Erm\u00e4ssigung<\/td><\/tr><tr><td>16 &#8211; 99 Jahre<\/td><td>10% Erm\u00e4ssigung<\/td><\/tr><\/tbody><\/table><\/figure>\n\n\n\n<p>(g\u00fcltig ab der 3. Person im Drei- und Vierbettzimmer und in 2-Raum-Appartments; unsere 2-Raum-Appartments sind auch mit bis zu 5 Personen belegbar).<\/p>\n\n\n\n<p>wir vermieten auch Babybetten falls gew\u00fcnscht f\u00fcr \u20ac 5,- \/ Tag.<br>im Restaurant stehen Kinderst\u00fchle kostenlos zur Verf\u00fcgung.<\/p>\n\n\n\n<p><\/p>\n","protected":false},"excerpt":{"rendered":"<p>g\u00fcltig ab 1 Nacht Aufenthalt &#8211; f\u00fcr l\u00e4ngere Aufenthalte erstellen wir Ihnen gerne ein individuelles Angebot. die Preise sind ohne Verpflegung (room-only); Preise und Zuschl\u00e4ge verstehen sich immer pro Person pro Nacht und beinhalten alle Steuern mit Ausnahme der Kurtaxe. 1.12.2025 21.12.2025 \ufeff \u20ac 45,00 21.12.2025 28.12.2025 \ufeff \u20ac 60,00 28.12.2025 3.1.2026 \ufeff \u20ac 70,00 [&hellip;]<\/p>\n","protected":false},"author":1,"featured_media":0,"parent":0,"menu_order":0,"comment_status":"closed","ping_status":"closed","template":"","meta":{"footnotes":""},"class_list":["post-354","page","type-page","status-publish","hentry"],"_links":{"self":[{"href":"https:\/\/www.edelweiss-goetzens.com\/index.php?rest_route=\/wp\/v2\/pages\/354","targetHints":{"allow":["GET"]}}],"collection":[{"href":"https:\/\/www.edelweiss-goetzens.com\/index.php?rest_route=\/wp\/v2\/pages"}],"about":[{"href":"https:\/\/www.edelweiss-goetzens.com\/index.php?rest_route=\/wp\/v2\/types\/page"}],"author":[{"embeddable":true,"href":"https:\/\/www.edelweiss-goetzens.com\/index.php?rest_route=\/wp\/v2\/users\/1"}],"replies":[{"embeddable":true,"href":"https:\/\/www.edelweiss-goetzens.com\/index.php?rest_route=%2Fwp%2Fv2%2Fcomments&post=354"}],"version-history":[{"count":3,"href":"https:\/\/www.edelweiss-goetzens.com\/index.php?rest_route=\/wp\/v2\/pages\/354\/revisions"}],"predecessor-version":[{"id":358,"href":"https:\/\/www.edelweiss-goetzens.com\/index.php?rest_route=\/wp\/v2\/pages\/354\/revisions\/358"}],"wp:attachment":[{"href":"https:\/\/www.edelweiss-goetzens.com\/index.php?rest_route=%2Fwp%2Fv2%2Fmedia&parent=354"}],"curies":[{"name":"wp","href":"https:\/\/api.w.org\/{rel}","templated":true}]}}