{"id":342,"date":"2025-09-20T19:48:38","date_gmt":"2025-09-20T17:48:38","guid":{"rendered":"https:\/\/www.edelweiss-goetzens.com\/?page_id=342"},"modified":"2025-09-20T19:48:38","modified_gmt":"2025-09-20T17:48:38","slug":"weitere-informationen","status":"publish","type":"page","link":"https:\/\/www.edelweiss-goetzens.com\/?page_id=342","title":{"rendered":"weitere Informationen"},"content":{"rendered":"\n<h2 class=\"wp-block-heading\">Bezahlung<\/h2>\n\n\n\n<p>sie k\u00f6nnen bei uns gerne in Bar oder mit folgenden Karten bezahlen<br>&#8211; Bankomatkarte<br>&#8211; Debitkarte<br>&#8211; Kreditkarte Mastercard<br>&#8211; Kreditkarte VISA<\/p>\n\n\n\n<h2 class=\"wp-block-heading\">WLAN<\/h2>\n\n\n\n<p>kostenlos in der Lobby und auch im Zimmer<br>den Code erhalten Sie gerne bei uns an der Rezeption<\/p>\n\n\n\n<p>aktuelle Bandbreite: Glasfaser mit 1 GBit \/ sec<\/p>\n\n\n\n<h2 class=\"wp-block-heading\">Handt\u00fccher &amp; Bettw\u00e4sche<\/h2>\n\n\n\n<p>unsere Zimmerm\u00e4dchen haben Ihr Zimmer f\u00fcr Sie bereits vorbereitet inkl. Bettw\u00e4sche und Dusch- und Handt\u00fcchern<\/p>\n\n\n\n<p>wenn Sie mehrere Tage bei uns zu Gast sind, wird die Bettw\u00e4sche und die Handt\u00fccher automatisch f\u00fcr Sie 1 x w\u00f6chentlich getauscht<\/p>\n\n\n\n<p>wenn Sie die Handt\u00fccher vorzeitig tauschen m\u00f6chten, bitte im Bad nicht aufh\u00e4ngen und auf den Boden legen &#8211; dann werden die Handt\u00fccher t\u00e4glich gewechselt<\/p>\n\n\n\n<h2 class=\"wp-block-heading\">Wasser &amp; Getr\u00e4nke<\/h2>\n\n\n\n<p>Genie\u00dfen Sie unser Tiroler Quellwasser im Zimmer &#8211; auf Wunsch sind aber gerne auch Getr\u00e4nke zum Mitnehmen an der Bar erh\u00e4ltlich<\/p>\n\n\n\n<h2 class=\"wp-block-heading\">Haustiere<\/h2>\n\n\n\n<div class=\"wp-block-group is-nowrap is-layout-flex wp-container-core-group-is-layout-1 wp-block-group-is-layout-flex\">\n<p>Haustiere sind bei uns leider nicht gestattet &#8211; alle unsere Zimmer sind mit Teppichb\u00f6den ausgestattet<\/p>\n\n\n\n<p> <\/p>\n<\/div>\n","protected":false},"excerpt":{"rendered":"<p>Bezahlung sie k\u00f6nnen bei uns gerne in Bar oder mit folgenden Karten bezahlen&#8211; Bankomatkarte&#8211; Debitkarte&#8211; Kreditkarte Mastercard&#8211; Kreditkarte VISA WLAN kostenlos in der Lobby und auch im Zimmerden Code erhalten Sie gerne bei uns an der Rezeption aktuelle Bandbreite: Glasfaser mit 1 GBit \/ sec Handt\u00fccher &amp; Bettw\u00e4sche unsere Zimmerm\u00e4dchen haben Ihr Zimmer f\u00fcr Sie [&hellip;]<\/p>\n","protected":false},"author":1,"featured_media":0,"parent":0,"menu_order":0,"comment_status":"closed","ping_status":"closed","template":"","meta":{"footnotes":""},"class_list":["post-342","page","type-page","status-publish","hentry"],"_links":{"self":[{"href":"https:\/\/www.edelweiss-goetzens.com\/index.php?rest_route=\/wp\/v2\/pages\/342","targetHints":{"allow":["GET"]}}],"collection":[{"href":"https:\/\/www.edelweiss-goetzens.com\/index.php?rest_route=\/wp\/v2\/pages"}],"about":[{"href":"https:\/\/www.edelweiss-goetzens.com\/index.php?rest_route=\/wp\/v2\/types\/page"}],"author":[{"embeddable":true,"href":"https:\/\/www.edelweiss-goetzens.com\/index.php?rest_route=\/wp\/v2\/users\/1"}],"replies":[{"embeddable":true,"href":"https:\/\/www.edelweiss-goetzens.com\/index.php?rest_route=%2Fwp%2Fv2%2Fcomments&post=342"}],"version-history":[{"count":1,"href":"https:\/\/www.edelweiss-goetzens.com\/index.php?rest_route=\/wp\/v2\/pages\/342\/revisions"}],"predecessor-version":[{"id":343,"href":"https:\/\/www.edelweiss-goetzens.com\/index.php?rest_route=\/wp\/v2\/pages\/342\/revisions\/343"}],"wp:attachment":[{"href":"https:\/\/www.edelweiss-goetzens.com\/index.php?rest_route=%2Fwp%2Fv2%2Fmedia&parent=342"}],"curies":[{"name":"wp","href":"https:\/\/api.w.org\/{rel}","templated":true}]}}