{"id":336,"date":"2025-09-20T19:20:28","date_gmt":"2025-09-20T17:20:28","guid":{"rendered":"https:\/\/www.edelweiss-goetzens.com\/?page_id=336"},"modified":"2025-09-20T19:20:28","modified_gmt":"2025-09-20T17:20:28","slug":"parken","status":"publish","type":"page","link":"https:\/\/www.edelweiss-goetzens.com\/?page_id=336","title":{"rendered":"Parken"},"content":{"rendered":"\n<h2 class=\"wp-block-heading\">PKW<\/h2>\n\n\n\n<p>wir haben 4 Parkpl\u00e4tze rund um das Hotel Edelweiss f\u00fcr Sie und 2 Parkpl\u00e4tze direkt vor dem Clubhotel G\u00f6tzens<\/p>\n\n\n\n<p>pro Reservierung ist ein PKW-Parkplatz kostenlos &#8211; wenn Sie mit mehreren Fahrzeugen oder Anh\u00e4ngern oder mit gr\u00f6\u00dferen Fahrzeugen wie z.B. Wohnmobilen, LKWs anreisen m\u00f6chten, bitte vorher mit der Rezeption abkl\u00e4ren &#8211; wir helfen gerne<\/p>\n\n\n\n<h2 class=\"wp-block-heading\">Busse<\/h2>\n\n\n\n<p>unser Bus-Parkplatz ist direkt an der Hauptstrasse s\u00fcdlich vom Hotel Edelweiss &#8211; es ist immer ein Bus-Parkplatz f\u00fcr Ihre Gruppe abgesperrt  &#8211; bitte kontaktieren Sie immer die Rezeption vor Anreise, wir helfen gerne<\/p>\n\n\n\n<p><\/p>\n","protected":false},"excerpt":{"rendered":"<p>PKW wir haben 4 Parkpl\u00e4tze rund um das Hotel Edelweiss f\u00fcr Sie und 2 Parkpl\u00e4tze direkt vor dem Clubhotel G\u00f6tzens pro Reservierung ist ein PKW-Parkplatz kostenlos &#8211; wenn Sie mit mehreren Fahrzeugen oder Anh\u00e4ngern oder mit gr\u00f6\u00dferen Fahrzeugen wie z.B. Wohnmobilen, LKWs anreisen m\u00f6chten, bitte vorher mit der Rezeption abkl\u00e4ren &#8211; wir helfen gerne Busse [&hellip;]<\/p>\n","protected":false},"author":1,"featured_media":0,"parent":0,"menu_order":0,"comment_status":"closed","ping_status":"closed","template":"","meta":{"footnotes":""},"class_list":["post-336","page","type-page","status-publish","hentry"],"_links":{"self":[{"href":"https:\/\/www.edelweiss-goetzens.com\/index.php?rest_route=\/wp\/v2\/pages\/336","targetHints":{"allow":["GET"]}}],"collection":[{"href":"https:\/\/www.edelweiss-goetzens.com\/index.php?rest_route=\/wp\/v2\/pages"}],"about":[{"href":"https:\/\/www.edelweiss-goetzens.com\/index.php?rest_route=\/wp\/v2\/types\/page"}],"author":[{"embeddable":true,"href":"https:\/\/www.edelweiss-goetzens.com\/index.php?rest_route=\/wp\/v2\/users\/1"}],"replies":[{"embeddable":true,"href":"https:\/\/www.edelweiss-goetzens.com\/index.php?rest_route=%2Fwp%2Fv2%2Fcomments&post=336"}],"version-history":[{"count":1,"href":"https:\/\/www.edelweiss-goetzens.com\/index.php?rest_route=\/wp\/v2\/pages\/336\/revisions"}],"predecessor-version":[{"id":337,"href":"https:\/\/www.edelweiss-goetzens.com\/index.php?rest_route=\/wp\/v2\/pages\/336\/revisions\/337"}],"wp:attachment":[{"href":"https:\/\/www.edelweiss-goetzens.com\/index.php?rest_route=%2Fwp%2Fv2%2Fmedia&parent=336"}],"curies":[{"name":"wp","href":"https:\/\/api.w.org\/{rel}","templated":true}]}}