{"id":332,"date":"2025-09-20T11:24:02","date_gmt":"2025-09-20T09:24:02","guid":{"rendered":"https:\/\/www.edelweiss-goetzens.com\/?page_id=332"},"modified":"2025-09-20T11:26:49","modified_gmt":"2025-09-20T09:26:49","slug":"rufnummern","status":"publish","type":"page","link":"https:\/\/www.edelweiss-goetzens.com\/?page_id=332","title":{"rendered":"Rufnummern"},"content":{"rendered":"\n<h2 class=\"wp-block-heading\">Notrufnummern<\/h2>\n\n\n\n<p>mit Ihrem Mobiltelefon bitte die \u00f6sterreichische Vorwahl +43 oder 0043 Vorwahlen<\/p>\n\n\n\n<p>Feuerwehr +43 \/ 122<\/p>\n\n\n\n<p>Polizei +43 \/ 133<\/p>\n\n\n\n<p>Rettung \/ Ambulanz +43 \/ 144<\/p>\n\n\n\n<p>Taxi (auch Krankentransport) #43 \/ 5234 \/ 66111<\/p>\n\n\n\n<h2 class=\"wp-block-heading\">Hotel \/ Rezeption<\/h2>\n\n\n\n<p>+43 5234 32860<\/p>\n\n\n\n<p>Wenn Sie ausserhalb der Rezeptionszeiten dringend Hilfe ben\u00f6tigen, bitte die #9 w\u00e4hlen &#8211; dann werden Sie automatisch auf das Mobiltelefon weitergeleitet<\/p>\n\n\n\n<h2 class=\"wp-block-heading\">L\u00e4ndervorwahlen<\/h2>\n\n\n\n<p>Sie k\u00f6nnen gerne auch die Suchfunktion in Ihrem Browser verwenden (Strg+F oder Cmd+F)<\/p>\n\n\n\n<h2 class=\"wp-block-heading\"><strong>A<\/strong><\/h2>\n\n\n\n<figure class=\"wp-block-table\"><table class=\"has-fixed-layout\"><tbody><tr><td><strong>Land<\/strong><\/td><td><strong>L\u00e4ndervorwahl<\/strong><\/td><\/tr><tr><td>Abchasien<\/td><td>007<\/td><\/tr><tr><td>Afghanistan<\/td><td>0093<\/td><\/tr><tr><td>\u00c4gypten<\/td><td>0020<\/td><\/tr><tr><td>Albanien<\/td><td>0355&nbsp;<\/td><\/tr><tr><td>Algerien<\/td><td>00213&nbsp;<\/td><\/tr><tr><td>Amerikanisch-Samoa<\/td><td>001684<\/td><\/tr><tr><td>Andorra<\/td><td>00376<\/td><\/tr><tr><td>Angola<\/td><td>00244&nbsp;<\/td><\/tr><tr><td>Anguilla<\/td><td>001264<\/td><\/tr><tr><td>Antigua und Barbuda<\/td><td>001268&nbsp;<\/td><\/tr><tr><td>\u00c4quatorialguinea<\/td><td>00240<\/td><\/tr><tr><td>Argentinien<\/td><td>0054&nbsp;<\/td><\/tr><tr><td>Armenien<\/td><td>00374&nbsp;<\/td><\/tr><tr><td>Aruba<\/td><td>00297<\/td><\/tr><tr><td>Ascension<\/td><td>00247<\/td><\/tr><tr><td>Aserbaidschan<\/td><td>00994&nbsp;<\/td><\/tr><tr><td>\u00c4thiopien<\/td><td>00251&nbsp;<\/td><\/tr><tr><td>Australien<\/td><td>0061&nbsp;<\/td><\/tr><\/tbody><\/table><\/figure>\n\n\n\n<h2 class=\"wp-block-heading\"><strong>B<\/strong><\/h2>\n\n\n\n<figure class=\"wp-block-table\"><table class=\"has-fixed-layout\"><tbody><tr><td><strong>Land<\/strong><\/td><td><strong>L\u00e4ndervorwahl<\/strong><\/td><\/tr><tr><td>Bahamas<\/td><td>001242<\/td><\/tr><tr><td>Bahrain<\/td><td>00973&nbsp;<\/td><\/tr><tr><td>Bangladesch<\/td><td>00880&nbsp;<\/td><\/tr><tr><td>Barbados<\/td><td>001246&nbsp;<\/td><\/tr><tr><td>Belarus<\/td><td>00375&nbsp;<\/td><\/tr><tr><td>Belgien<\/td><td>0032<\/td><\/tr><tr><td>Belize<\/td><td>00501&nbsp;<\/td><\/tr><tr><td>Benin<\/td><td>00229&nbsp;<\/td><\/tr><tr><td>Bermuda<\/td><td>001441<\/td><\/tr><tr><td>Bhutan<\/td><td>00975&nbsp;<\/td><\/tr><tr><td>Bolivien<\/td><td>00591&nbsp;<\/td><\/tr><tr><td>Bonaire<\/td><td>00599<\/td><\/tr><tr><td>Bosnien-Herzigowina<\/td><td>00387&nbsp;<\/td><\/tr><tr><td>Botswana<\/td><td>00267&nbsp;<\/td><\/tr><tr><td>Brasilien<\/td><td>0055&nbsp;<\/td><\/tr><tr><td>Brunei<\/td><td>00673&nbsp;<\/td><\/tr><tr><td>Bulgarien<\/td><td>00359&nbsp;<\/td><\/tr><tr><td>Burkina Faso<\/td><td>00226&nbsp;<\/td><\/tr><tr><td>Burundi<\/td><td>00257&nbsp;<\/td><\/tr><\/tbody><\/table><\/figure>\n\n\n\n<h2 class=\"wp-block-heading\"><strong>C<\/strong><\/h2>\n\n\n\n<figure class=\"wp-block-table\"><table class=\"has-fixed-layout\"><tbody><tr><td><strong>Land<\/strong><\/td><td><strong>L\u00e4ndervorwahl<\/strong><\/td><\/tr><tr><td>Chile<\/td><td>0056<\/td><\/tr><tr><td>China (Volksrepublik)<\/td><td>0086<\/td><\/tr><tr><td>Cookinseln<\/td><td>00682<\/td><\/tr><tr><td>Costa Rica<\/td><td>00506<\/td><\/tr><tr><td>Cura\u00e7ao<\/td><td>00599<\/td><\/tr><\/tbody><\/table><\/figure>\n\n\n\n<h2 class=\"wp-block-heading\"><strong>D<\/strong><\/h2>\n\n\n\n<figure class=\"wp-block-table\"><table class=\"has-fixed-layout\"><tbody><tr><td><strong>Land<\/strong><\/td><td><strong>L\u00e4ndervorwahl<\/strong><\/td><\/tr><tr><td>D\u00e4nemark<\/td><td>0045<\/td><\/tr><tr><td>Deutschland<\/td><td>0049<\/td><\/tr><tr><td>Dominica<\/td><td>001767<\/td><\/tr><tr><td>Dominikanische Republik<\/td><td>001809<\/td><\/tr><tr><td>Dschibuti<\/td><td>00253<\/td><\/tr><\/tbody><\/table><\/figure>\n\n\n\n<h2 class=\"wp-block-heading\"><strong>E<\/strong><\/h2>\n\n\n\n<figure class=\"wp-block-table\"><table class=\"has-fixed-layout\"><tbody><tr><td><strong>Land<\/strong><\/td><td><strong>L\u00e4ndervorwahl<\/strong><\/td><\/tr><tr><td>Ecuador<\/td><td>00593<\/td><\/tr><tr><td>El Salvador<\/td><td>00503<\/td><\/tr><tr><td>Elfenbeink\u00fcste<\/td><td>00225<\/td><\/tr><tr><td>Eritrea<\/td><td>00291<\/td><\/tr><tr><td>Estland<\/td><td>00372<\/td><\/tr><tr><td>Eswatini<\/td><td>00268<\/td><\/tr><\/tbody><\/table><\/figure>\n\n\n\n<h2 class=\"wp-block-heading\"><strong>F<\/strong><\/h2>\n\n\n\n<figure class=\"wp-block-table\"><table class=\"has-fixed-layout\"><tbody><tr><td><strong>Land<\/strong><\/td><td><strong>L\u00e4ndervorwahl<\/strong><\/td><\/tr><tr><td>Falklandinseln<\/td><td>00500<\/td><\/tr><tr><td>F\u00e4r\u00f6er<\/td><td>00298<\/td><\/tr><tr><td>Fidschi<\/td><td>00679<\/td><\/tr><tr><td>Finnland<\/td><td>00358<\/td><\/tr><tr><td>Frankreich (ohne \u00dcberseegebiete)<\/td><td>0033<\/td><\/tr><tr><td>Franz\u00f6sisch-Guayana<\/td><td>00594<\/td><\/tr><tr><td>Franz\u00f6sisch-Polynesien<\/td><td>00689<\/td><\/tr><\/tbody><\/table><\/figure>\n\n\n\n<h2 class=\"wp-block-heading\"><strong>G<\/strong><\/h2>\n\n\n\n<figure class=\"wp-block-table\"><table class=\"has-fixed-layout\"><tbody><tr><td><strong>Land<\/strong><\/td><td><strong>L\u00e4ndervorwahl<\/strong><\/td><\/tr><tr><td>Gabun<\/td><td>00241<\/td><\/tr><tr><td>Gambia<\/td><td>00220<\/td><\/tr><tr><td>Georgien (ohne Abchasien)<\/td><td>00995<\/td><\/tr><tr><td>Ghana<\/td><td>00233<\/td><\/tr><tr><td>Gibraltar<\/td><td>00350<\/td><\/tr><tr><td>Grenada<\/td><td>001473<\/td><\/tr><tr><td>Griechenland<\/td><td>0030<\/td><\/tr><tr><td>Gr\u00f6nland<\/td><td>00299<\/td><\/tr><tr><td>Gro\u00dfbritannien\/Vereinigtes K\u00f6nigreich (auch Isle of Man und Kanalinseln)<\/td><td>0044<\/td><\/tr><tr><td>Guadeloupe<\/td><td>00590<\/td><\/tr><tr><td>Guam<\/td><td>001671<\/td><\/tr><tr><td>Guatemala<\/td><td>00502<\/td><\/tr><tr><td>Guinea<\/td><td>00224<\/td><\/tr><tr><td>Guinea-Bissau<\/td><td>00245<\/td><\/tr><tr><td>Guyana<\/td><td>00592<\/td><\/tr><\/tbody><\/table><\/figure>\n\n\n\n<h2 class=\"wp-block-heading\"><strong>H<\/strong><\/h2>\n\n\n\n<figure class=\"wp-block-table\"><table class=\"has-fixed-layout\"><tbody><tr><td><strong>Land<\/strong><\/td><td><strong>L\u00e4ndervorwahl<\/strong><\/td><\/tr><tr><td>Haiti<\/td><td>00509<\/td><\/tr><tr><td>Honduras<\/td><td>00504<\/td><\/tr><tr><td>Hongkong<\/td><td>00852<\/td><\/tr><\/tbody><\/table><\/figure>\n\n\n\n<h2 class=\"wp-block-heading\"><strong>I<\/strong><\/h2>\n\n\n\n<figure class=\"wp-block-table\"><table class=\"has-fixed-layout\"><tbody><tr><td><strong>Land<\/strong><\/td><td><strong>L\u00e4ndervorwahl<\/strong><\/td><\/tr><tr><td>Indien<\/td><td>0091<\/td><\/tr><tr><td>Indonesien<\/td><td>0062<\/td><\/tr><tr><td>Irak&nbsp;<\/td><td>00964<\/td><\/tr><tr><td>Iran<\/td><td>0098<\/td><\/tr><tr><td>Irland<\/td><td>00353<\/td><\/tr><tr><td>Island<\/td><td>00354<\/td><\/tr><tr><td>Israel<\/td><td>00972<\/td><\/tr><tr><td>Italien<\/td><td>0039<\/td><\/tr><\/tbody><\/table><\/figure>\n\n\n\n<h2 class=\"wp-block-heading\"><strong>J<\/strong><\/h2>\n\n\n\n<figure class=\"wp-block-table\"><table class=\"has-fixed-layout\"><tbody><tr><td><strong>Land<\/strong><\/td><td><strong>L\u00e4ndervorwahl<\/strong><\/td><\/tr><tr><td>Jamaika<\/td><td>001876<\/td><\/tr><tr><td>Japan<\/td><td>0081<\/td><\/tr><tr><td>Jemen<\/td><td>00967<\/td><\/tr><tr><td>Jordanien<\/td><td>00962<\/td><\/tr><\/tbody><\/table><\/figure>\n\n\n\n<h2 class=\"wp-block-heading\"><strong>K<\/strong><\/h2>\n\n\n\n<figure class=\"wp-block-table\"><table class=\"has-fixed-layout\"><tbody><tr><td><strong>Land<\/strong><\/td><td><strong>L\u00e4ndervorwahl<\/strong><\/td><\/tr><tr><td>Kaimaninseln<\/td><td>001345<\/td><\/tr><tr><td>Kambodscha<\/td><td>00855<\/td><\/tr><tr><td>Kamerun<\/td><td>00237<\/td><\/tr><tr><td>Kanada<\/td><td>001 \u2013 diverse Regionalvorwahlen<\/td><\/tr><tr><td>Kap Verde<\/td><td>00238<\/td><\/tr><tr><td>Kasachstan<\/td><td>007<\/td><\/tr><tr><td>Katar<\/td><td>00974<\/td><\/tr><tr><td>Kenia<\/td><td>00254<\/td><\/tr><tr><td>Kirgisistan<\/td><td>00996<\/td><\/tr><tr><td>Kiribati<\/td><td>00686<\/td><\/tr><tr><td>Kokosinseln<\/td><td>0061<\/td><\/tr><tr><td>Kolumbien<\/td><td>0057<\/td><\/tr><tr><td>Komoren<\/td><td>00269<\/td><\/tr><tr><td>Kongo (Republik)&nbsp;<\/td><td>00242<\/td><\/tr><tr><td>Kongo (Demokratische Republik)&nbsp;<\/td><td>00243<\/td><\/tr><tr><td>Kosovo<\/td><td>00383<\/td><\/tr><tr><td>Kroatien<\/td><td>00385<\/td><\/tr><tr><td>Kuba<\/td><td>0053<\/td><\/tr><tr><td>Kuwait<\/td><td>00965<\/td><\/tr><\/tbody><\/table><\/figure>\n\n\n\n<h2 class=\"wp-block-heading\"><strong>L<\/strong><\/h2>\n\n\n\n<figure class=\"wp-block-table\"><table class=\"has-fixed-layout\"><tbody><tr><td><strong>Land<\/strong><\/td><td><strong>L\u00e4ndervorwahl<\/strong><\/td><\/tr><tr><td>Laos<\/td><td>00856<\/td><\/tr><tr><td>Lesotho<\/td><td>00266<\/td><\/tr><tr><td>Lettland<\/td><td>00371<\/td><\/tr><tr><td>Libanon<\/td><td>00961<\/td><\/tr><tr><td>Liberia&nbsp;<\/td><td>00231<\/td><\/tr><tr><td>Libyen<\/td><td>00218<\/td><\/tr><tr><td>Liechtenstein<\/td><td>00423<\/td><\/tr><tr><td>Litauen<\/td><td>00370<\/td><\/tr><tr><td>Luxemburg<\/td><td>00352<\/td><\/tr><\/tbody><\/table><\/figure>\n\n\n\n<h2 class=\"wp-block-heading\"><strong>M<\/strong><\/h2>\n\n\n\n<figure class=\"wp-block-table\"><table class=\"has-fixed-layout\"><tbody><tr><td><strong>Land<\/strong><\/td><td><strong>L\u00e4ndervorwahl<\/strong><\/td><\/tr><tr><td>Macau<\/td><td>00853<\/td><\/tr><tr><td>Madagaskar<\/td><td>00261<\/td><\/tr><tr><td>Malawi<\/td><td>00265<\/td><\/tr><tr><td>Malaysia<\/td><td>0060<\/td><\/tr><tr><td>Malediven<\/td><td>00960<\/td><\/tr><tr><td>Mali<\/td><td>00223<\/td><\/tr><tr><td>Malta<\/td><td>00356<\/td><\/tr><tr><td>Marokko<\/td><td>00212<\/td><\/tr><tr><td>Marshallinseln<\/td><td>00692<\/td><\/tr><tr><td>Martinique<\/td><td>00596<\/td><\/tr><tr><td>Mauretanien<\/td><td>00222<\/td><\/tr><tr><td>Mauritius<\/td><td>00230<\/td><\/tr><tr><td>Mayotte<\/td><td>00262<\/td><\/tr><tr><td>Mexiko<\/td><td>0052<\/td><\/tr><tr><td>Mikronesien<\/td><td>00691<\/td><\/tr><tr><td>Moldau<\/td><td>00373<\/td><\/tr><tr><td>Monaco<\/td><td>00377<\/td><\/tr><tr><td>Mongolei<\/td><td>00976<\/td><\/tr><tr><td>Montenegro<\/td><td>00382<\/td><\/tr><tr><td>Montserrat<\/td><td>001664<\/td><\/tr><tr><td>Mosambik<\/td><td>00258<\/td><\/tr><tr><td>Myanmar<\/td><td>0095<\/td><\/tr><\/tbody><\/table><\/figure>\n\n\n\n<h2 class=\"wp-block-heading\"><strong>N<\/strong><\/h2>\n\n\n\n<figure class=\"wp-block-table\"><table class=\"has-fixed-layout\"><tbody><tr><td><strong>Land<\/strong><\/td><td><strong>L\u00e4ndervorwahl<\/strong><\/td><\/tr><tr><td>Namibia<\/td><td>00264<\/td><\/tr><tr><td>Nauru<\/td><td>00674<\/td><\/tr><tr><td>Nepal<\/td><td>00977<\/td><\/tr><tr><td>Neukaledonien<\/td><td>00687<\/td><\/tr><tr><td>Neuseeland<\/td><td>0064<\/td><\/tr><tr><td>Nicaragua<\/td><td>00505<\/td><\/tr><tr><td>Niederlande<\/td><td>0031<\/td><\/tr><tr><td>Niger<\/td><td>00227<\/td><\/tr><tr><td>Nigeria<\/td><td>00234<\/td><\/tr><tr><td>Niue<\/td><td>00683<\/td><\/tr><tr><td>Nordkorea<\/td><td>00850<\/td><\/tr><tr><td>Nordmazedonien<\/td><td>00389<\/td><\/tr><tr><td>Norfolkinsel<\/td><td>006723<\/td><\/tr><tr><td>Norwegen<\/td><td>0047<\/td><\/tr><\/tbody><\/table><\/figure>\n\n\n\n<h2 class=\"wp-block-heading\"><strong>O<\/strong><\/h2>\n\n\n\n<figure class=\"wp-block-table\"><table class=\"has-fixed-layout\"><tbody><tr><td><strong>Land<\/strong><\/td><td><strong>L\u00e4ndervorwahl<\/strong><\/td><\/tr><tr><td>Oman<\/td><td>00968<\/td><\/tr><tr><td>\u00d6sterreich<\/td><td>0043<\/td><\/tr><tr><td>Osttimor<\/td><td>00670<\/td><\/tr><\/tbody><\/table><\/figure>\n\n\n\n<h2 class=\"wp-block-heading\"><strong>P<\/strong><\/h2>\n\n\n\n<figure class=\"wp-block-table\"><table class=\"has-fixed-layout\"><tbody><tr><td><strong>Land<\/strong><\/td><td><strong>L\u00e4ndervorwahl<\/strong><\/td><\/tr><tr><td>Pakistan<\/td><td>0092<\/td><\/tr><tr><td>Pal\u00e4stina<\/td><td>00970<\/td><\/tr><tr><td>Palau<\/td><td>00680<\/td><\/tr><tr><td>Panama<\/td><td>00507<\/td><\/tr><tr><td>Papua-Neuguinea<\/td><td>00675<\/td><\/tr><tr><td>Paraguay<\/td><td>00595<\/td><\/tr><tr><td>Peru<\/td><td>0051<\/td><\/tr><tr><td>Philippinen<\/td><td>0063<\/td><\/tr><tr><td>Pitcairninseln<\/td><td>00649<\/td><\/tr><tr><td>Polen<\/td><td>0048<\/td><\/tr><tr><td>Portugal<\/td><td>00351<\/td><\/tr><tr><td>Puerto Rico<\/td><td>001787 oder 001939<\/td><\/tr><\/tbody><\/table><\/figure>\n\n\n\n<h2 class=\"wp-block-heading\"><strong>R<\/strong><\/h2>\n\n\n\n<figure class=\"wp-block-table\"><table class=\"has-fixed-layout\"><tbody><tr><td><strong>Land<\/strong><\/td><td><strong>L\u00e4ndervorwahl<\/strong><\/td><\/tr><tr><td>R\u00e9union<\/td><td>00262<\/td><\/tr><tr><td>Ruanda<\/td><td>00250<\/td><\/tr><tr><td>Rum\u00e4nien<\/td><td>0040<\/td><\/tr><tr><td>Russland<\/td><td>007<\/td><\/tr><\/tbody><\/table><\/figure>\n\n\n\n<h2 class=\"wp-block-heading\"><strong>S<\/strong><\/h2>\n\n\n\n<figure class=\"wp-block-table\"><table class=\"has-fixed-layout\"><tbody><tr><td><strong>Land<\/strong><\/td><td><strong>L\u00e4ndervorwahl<\/strong><\/td><\/tr><tr><td>Saba<\/td><td>00599<\/td><\/tr><tr><td>Saint-Pierre und Miquelon<\/td><td>00508<\/td><\/tr><tr><td>Salomonen<\/td><td>00677<\/td><\/tr><tr><td>Sambia<\/td><td>00260<\/td><\/tr><tr><td>Samoa<\/td><td>00685<\/td><\/tr><tr><td>San Marino<\/td><td>00378<\/td><\/tr><tr><td>S\u00e3o Tom\u00e9 und Pr\u00edncipe<\/td><td>00239<\/td><\/tr><tr><td>Saudi-Arabien<\/td><td>00966<\/td><\/tr><tr><td>Schweden<\/td><td>0046<\/td><\/tr><tr><td>Schweiz<\/td><td>0041<\/td><\/tr><tr><td>Senegal<\/td><td>00221<\/td><\/tr><tr><td>Serbien<\/td><td>00381<\/td><\/tr><tr><td>Seychellen<\/td><td>00248<\/td><\/tr><tr><td>Sierra Leone<\/td><td>00232<\/td><\/tr><tr><td>Simbabwe<\/td><td>00263<\/td><\/tr><tr><td>Singapur<\/td><td>0065<\/td><\/tr><tr><td>Sint Eustatius<\/td><td>00599<\/td><\/tr><tr><td>Sint Maarten<\/td><td>001721<\/td><\/tr><tr><td>Slowakei<\/td><td>00421<\/td><\/tr><tr><td>Slowenien<\/td><td>00386<\/td><\/tr><tr><td>Somalia<\/td><td>00252<\/td><\/tr><tr><td>Spanien<\/td><td>0034<\/td><\/tr><tr><td>Sri Lanka<\/td><td>0094<\/td><\/tr><tr><td>St. Helena<\/td><td>00290<\/td><\/tr><tr><td>St. Kitts und Nevis<\/td><td>001869<\/td><\/tr><tr><td>St. Lucia<\/td><td>001758<\/td><\/tr><tr><td>St. Vincent und die Grenadinen<\/td><td>001784<\/td><\/tr><tr><td>S\u00fcdafrika<\/td><td>0027<\/td><\/tr><tr><td>Sudan<\/td><td>00249<\/td><\/tr><tr><td>S\u00fcdsudan<\/td><td>00211<\/td><\/tr><tr><td>S\u00fcdkorea<\/td><td>0082<\/td><\/tr><tr><td>S\u00fcdossetien<\/td><td>007<\/td><\/tr><tr><td>Suriname<\/td><td>00597<\/td><\/tr><tr><td>Syrien<\/td><td>00963<\/td><\/tr><\/tbody><\/table><\/figure>\n\n\n\n<h2 class=\"wp-block-heading\"><strong>T<\/strong><\/h2>\n\n\n\n<figure class=\"wp-block-table\"><table class=\"has-fixed-layout\"><tbody><tr><td><strong>Land<\/strong><\/td><td><strong>L\u00e4ndervorwahl<\/strong><\/td><\/tr><tr><td>Tadschikistan<\/td><td>00992<\/td><\/tr><tr><td>Taiwan (Republik China)<\/td><td>00886<\/td><\/tr><tr><td>Tansania<\/td><td>00255<\/td><\/tr><tr><td>Thailand<\/td><td>0066<\/td><\/tr><tr><td>Togo<\/td><td>00228<\/td><\/tr><tr><td>Tokelau<\/td><td>00690<\/td><\/tr><tr><td>Tonga<\/td><td>00676<\/td><\/tr><tr><td>Trinidad und Tobago<\/td><td>001868<\/td><\/tr><tr><td>Tristan da Cunha<\/td><td>00290<\/td><\/tr><tr><td>Tschad<\/td><td>00235<\/td><\/tr><tr><td>Tschechien<\/td><td>00420<\/td><\/tr><tr><td>Tunesien<\/td><td>00216<\/td><\/tr><tr><td>T\u00fcrkei<\/td><td>0090<\/td><\/tr><tr><td>T\u00fcrkische Republik Nordzypern<\/td><td>0090<\/td><\/tr><tr><td>Turkmenistan<\/td><td>00993<\/td><\/tr><tr><td>Turks- und Caicosinseln<\/td><td>001649<\/td><\/tr><tr><td>Tuvalu<\/td><td>00688<\/td><\/tr><\/tbody><\/table><\/figure>\n\n\n\n<h2 class=\"wp-block-heading\"><strong>U<\/strong><\/h2>\n\n\n\n<figure class=\"wp-block-table\"><table class=\"has-fixed-layout\"><tbody><tr><td><strong>Land<\/strong><\/td><td><strong>L\u00e4ndervorwahl<\/strong><\/td><\/tr><tr><td>Uganda<\/td><td>00256<\/td><\/tr><tr><td>Ukraine<\/td><td>00380<\/td><\/tr><tr><td>Ungarn<\/td><td>0036<\/td><\/tr><tr><td>Uruguay<\/td><td>00598<\/td><\/tr><tr><td>USA (Vereinigte Staaten)<\/td><td>001 \u2013 diverse regionale Vorwahlen<\/td><\/tr><tr><td>Usbekistan<\/td><td>00998<\/td><\/tr><\/tbody><\/table><\/figure>\n\n\n\n<h2 class=\"wp-block-heading\"><strong>V<\/strong><\/h2>\n\n\n\n<figure class=\"wp-block-table\"><table class=\"has-fixed-layout\"><tbody><tr><td><strong>Land<\/strong><\/td><td><strong>L\u00e4ndervorwahl<\/strong><\/td><\/tr><tr><td>Vanuatu<\/td><td>00678<\/td><\/tr><tr><td>Vatikan<\/td><td>00379<\/td><\/tr><tr><td>Venezuela<\/td><td>0058<\/td><\/tr><tr><td>Vereinigte Arabische Emirate<\/td><td>00971<\/td><\/tr><tr><td>Vereinigtes K\u00f6nigreich<\/td><td>0044<\/td><\/tr><tr><td>Vietnam<\/td><td>0084<\/td><\/tr><\/tbody><\/table><\/figure>\n\n\n\n<h2 class=\"wp-block-heading\"><strong>W<\/strong><\/h2>\n\n\n\n<figure class=\"wp-block-table\"><table class=\"has-fixed-layout\"><tbody><tr><td><strong>Land<\/strong><\/td><td><strong>L\u00e4ndervorwahl<\/strong><\/td><\/tr><tr><td>Wallis und Futuna<\/td><td>00681<\/td><\/tr><tr><td>Weihnachtsinsel<\/td><td>0061<\/td><\/tr><\/tbody><\/table><\/figure>\n\n\n\n<h2 class=\"wp-block-heading\"><strong>Z<\/strong><\/h2>\n\n\n\n<figure class=\"wp-block-table\"><table class=\"has-fixed-layout\"><tbody><tr><td><strong>Land<\/strong><\/td><td><strong>L\u00e4ndervorwahl<\/strong><\/td><\/tr><tr><td>Zentralafrikanische Republik<\/td><td>00236<\/td><\/tr><tr><td>Zypern (ohne T\u00fcrkische Republik Nordzypern)<\/td><td>00357<\/td><\/tr><\/tbody><\/table><\/figure>\n","protected":false},"excerpt":{"rendered":"<p>Notrufnummern mit Ihrem Mobiltelefon bitte die \u00f6sterreichische Vorwahl +43 oder 0043 Vorwahlen Feuerwehr +43 \/ 122 Polizei +43 \/ 133 Rettung \/ Ambulanz +43 \/ 144 Taxi (auch Krankentransport) #43 \/ 5234 \/ 66111 Hotel \/ Rezeption +43 5234 32860 Wenn Sie ausserhalb der Rezeptionszeiten dringend Hilfe ben\u00f6tigen, bitte die #9 w\u00e4hlen &#8211; dann werden [&hellip;]<\/p>\n","protected":false},"author":1,"featured_media":0,"parent":0,"menu_order":0,"comment_status":"closed","ping_status":"closed","template":"","meta":{"footnotes":""},"class_list":["post-332","page","type-page","status-publish","hentry"],"_links":{"self":[{"href":"https:\/\/www.edelweiss-goetzens.com\/index.php?rest_route=\/wp\/v2\/pages\/332","targetHints":{"allow":["GET"]}}],"collection":[{"href":"https:\/\/www.edelweiss-goetzens.com\/index.php?rest_route=\/wp\/v2\/pages"}],"about":[{"href":"https:\/\/www.edelweiss-goetzens.com\/index.php?rest_route=\/wp\/v2\/types\/page"}],"author":[{"embeddable":true,"href":"https:\/\/www.edelweiss-goetzens.com\/index.php?rest_route=\/wp\/v2\/users\/1"}],"replies":[{"embeddable":true,"href":"https:\/\/www.edelweiss-goetzens.com\/index.php?rest_route=%2Fwp%2Fv2%2Fcomments&post=332"}],"version-history":[{"count":2,"href":"https:\/\/www.edelweiss-goetzens.com\/index.php?rest_route=\/wp\/v2\/pages\/332\/revisions"}],"predecessor-version":[{"id":335,"href":"https:\/\/www.edelweiss-goetzens.com\/index.php?rest_route=\/wp\/v2\/pages\/332\/revisions\/335"}],"wp:attachment":[{"href":"https:\/\/www.edelweiss-goetzens.com\/index.php?rest_route=%2Fwp%2Fv2%2Fmedia&parent=332"}],"curies":[{"name":"wp","href":"https:\/\/api.w.org\/{rel}","templated":true}]}}