{"id":326,"date":"2025-09-20T11:01:02","date_gmt":"2025-09-20T09:01:02","guid":{"rendered":"https:\/\/www.edelweiss-goetzens.com\/?page_id=326"},"modified":"2025-09-20T11:16:31","modified_gmt":"2025-09-20T09:16:31","slug":"oeffnungszeiten","status":"publish","type":"page","link":"https:\/\/www.edelweiss-goetzens.com\/?page_id=326","title":{"rendered":"\u00d6ffnungszeiten"},"content":{"rendered":"\n<h2 class=\"wp-block-heading\">Mahlzeiten<\/h2>\n\n\n\n<p>Fr\u00fchst\u00fccksbuffet 7.00 bis 9.30 Uhr<br>All-You-Can-Eat-Men\u00fc vom Buffet mit Salat 18.00 bis 20.00 Uhr<\/p>\n\n\n\n<h2 class=\"wp-block-heading\">Restaurant &amp; Bar<\/h2>\n\n\n\n<p>\u00e0 la carte Restaurant 18.00 bis 20.45 Uhr<br>Bar 16.00 bis 22.00 Uhr<br>Sonnenterasse (bei guter Witterung) 16.00 bis 22.00 Uhr<\/p>\n\n\n\n<h2 class=\"wp-block-heading\">Wellnessbereich<\/h2>\n\n\n\n<p>Schwimmbad ganzt\u00e4gig ge\u00f6ffnet 8.00 bis 20.00 Uhr<br>Sauna 17.00 bis 20.00 Uhr (bitte bei Rezeption bestellen)<br>Dampfbad 17.00 bis 20.00 Uhr (bitte bei Rezeption bestellen)<\/p>\n\n\n\n<h2 class=\"wp-block-heading\">Rezeption<\/h2>\n\n\n\n<p>unsere Rezeption ist t\u00e4glich f\u00fcr Sie ge\u00f6ffnet von 7.30 &#8211; 11.30 und von 17.00 bis 21.00<\/p>\n\n\n\n<h2 class=\"wp-block-heading\">Check-In \/ -Out<\/h2>\n\n\n\n<p>Self-Check-In ab 15.00 Uhr<br>Rezeption ab 17.00 Uhr<br>Check-out von 7.30 bis 10.00 Uhr <\/p>\n\n\n\n<h2 class=\"wp-block-heading\">Bank \/ Bankomat<\/h2>\n\n\n\n<p>gleich neben dem Hotel beim SPAR-Supermarkt finden Sie einen Bankomaten oder bei beiden Banken am Dorfplatz (Raiffeisenbank \/ Tiroler Sparkasse) &#8211; die Foyers sind rund um die Uhr f\u00fcr Sie ge\u00f6ffnet<\/p>\n\n\n\n<p>die Raiffeisenbank ist tgl. f\u00fcr Sie von 8.00 bis 12.00 Uhr ge\u00f6ffnet<\/p>\n\n\n\n<h2 class=\"wp-block-heading\">Einkaufen \/ Supermarkt<\/h2>\n\n\n\n<p>westlich vom Hotel finden Sie den Spar-Supermarkt, der Montag bis Samstag von 7.15 &#8211; 19.30 ge\u00f6ffnet ist<\/p>\n\n\n\n<p>Am Dorfplatz bei der Gutmann Tankstelle gibt es auch einen Mini-M-Preis, der bei markt\u00fcblichen Preisen bis 21.00 Uhr ge\u00f6ffnet ist<\/p>\n\n\n\n<h2 class=\"wp-block-heading\">Arzt \/ Apotheke<\/h2>\n\n\n\n<p>unsere Apotheke am Dorfplatz hat t\u00e4glich von 8.30 bis 12.30 und von 14.30 bis 18.30 f\u00fcr Sie ge\u00f6ffnet<\/p>\n\n\n\n<p>unser praktischer Arzt, Dr. Pedri ist gleich anschlie\u00dfend ans Hotel und hat wochentags von 7.30 bis 11.30 f\u00fcr Sie ge\u00f6ffnet<\/p>\n\n\n\n<p>Arzt-Notdienste finden Sie online oder wir helfen gerne an der Rezeption<\/p>\n","protected":false},"excerpt":{"rendered":"<p>Mahlzeiten Fr\u00fchst\u00fccksbuffet 7.00 bis 9.30 UhrAll-You-Can-Eat-Men\u00fc vom Buffet mit Salat 18.00 bis 20.00 Uhr Restaurant &amp; Bar \u00e0 la carte Restaurant 18.00 bis 20.45 UhrBar 16.00 bis 22.00 UhrSonnenterasse (bei guter Witterung) 16.00 bis 22.00 Uhr Wellnessbereich Schwimmbad ganzt\u00e4gig ge\u00f6ffnet 8.00 bis 20.00 UhrSauna 17.00 bis 20.00 Uhr (bitte bei Rezeption bestellen)Dampfbad 17.00 bis 20.00 [&hellip;]<\/p>\n","protected":false},"author":1,"featured_media":0,"parent":0,"menu_order":0,"comment_status":"closed","ping_status":"closed","template":"","meta":{"footnotes":""},"class_list":["post-326","page","type-page","status-publish","hentry"],"_links":{"self":[{"href":"https:\/\/www.edelweiss-goetzens.com\/index.php?rest_route=\/wp\/v2\/pages\/326","targetHints":{"allow":["GET"]}}],"collection":[{"href":"https:\/\/www.edelweiss-goetzens.com\/index.php?rest_route=\/wp\/v2\/pages"}],"about":[{"href":"https:\/\/www.edelweiss-goetzens.com\/index.php?rest_route=\/wp\/v2\/types\/page"}],"author":[{"embeddable":true,"href":"https:\/\/www.edelweiss-goetzens.com\/index.php?rest_route=\/wp\/v2\/users\/1"}],"replies":[{"embeddable":true,"href":"https:\/\/www.edelweiss-goetzens.com\/index.php?rest_route=%2Fwp%2Fv2%2Fcomments&post=326"}],"version-history":[{"count":3,"href":"https:\/\/www.edelweiss-goetzens.com\/index.php?rest_route=\/wp\/v2\/pages\/326\/revisions"}],"predecessor-version":[{"id":330,"href":"https:\/\/www.edelweiss-goetzens.com\/index.php?rest_route=\/wp\/v2\/pages\/326\/revisions\/330"}],"wp:attachment":[{"href":"https:\/\/www.edelweiss-goetzens.com\/index.php?rest_route=%2Fwp%2Fv2%2Fmedia&parent=326"}],"curies":[{"name":"wp","href":"https:\/\/api.w.org\/{rel}","templated":true}]}}