{"id":320,"date":"2025-03-01T19:46:51","date_gmt":"2025-03-01T18:46:51","guid":{"rendered":"https:\/\/www.edelweiss-goetzens.com\/?page_id=320"},"modified":"2025-03-01T19:46:51","modified_gmt":"2025-03-01T18:46:51","slug":"preise-sommer-2025","status":"publish","type":"page","link":"https:\/\/www.edelweiss-goetzens.com\/?page_id=320","title":{"rendered":"Preise Sommer 2025"},"content":{"rendered":"\n<p class=\"has-large-font-size\">g\u00fcltig ab 1 Nacht Aufenthalt &#8211; f\u00fcr l\u00e4ngere Aufenthalte erstellen wir Ihnen gerne ein individuelles Angebot.<\/p>\n\n\n\n<p>Preise room-only &#8211; Unsere Preise und Zuschl\u00e4ge verstehen sich immer pro Person pro Nacht und beinhalten alle Steuern mit Ausnahme der Kurtaxe.<\/p>\n\n\n\n<figure class=\"wp-block-table is-style-stripes\"><table class=\"has-fixed-layout\"><tbody><tr><td>1.5.2025<\/td><td class=\"has-text-align-left\" data-align=\"left\">4.07.2025<\/td><td><\/td><td class=\"has-text-align-right\" data-align=\"right\">\u20ac 45,00<\/td><\/tr><tr><td>5.07.2025<\/td><td class=\"has-text-align-left\" data-align=\"left\">31.7.2025<\/td><td><\/td><td class=\"has-text-align-right\" data-align=\"right\">\u20ac 50,00<\/td><\/tr><tr><td>1.8.2025<\/td><td class=\"has-text-align-left\" data-align=\"left\">22.8.2025<\/td><td><\/td><td class=\"has-text-align-right\" data-align=\"right\">\u20ac 55,00<\/td><\/tr><tr><td>23.8.2025<\/td><td class=\"has-text-align-left\" data-align=\"left\">5.9.2025<\/td><td><\/td><td class=\"has-text-align-right\" data-align=\"right\">\u20ac 50,00<\/td><\/tr><tr><td>6.9.2025<\/td><td class=\"has-text-align-left\" data-align=\"left\">31.10.2025<\/td><td><\/td><td class=\"has-text-align-right\" data-align=\"right\">\u20ac 45,00<\/td><\/tr><\/tbody><\/table><\/figure>\n\n\n\n<h2 class=\"wp-block-heading\">Zuschl\u00e4ge<\/h2>\n\n\n\n<figure class=\"wp-block-table is-style-stripes\"><table class=\"has-fixed-layout\"><tbody><tr><td>Zuschlag Wochenende<\/td><td>Freitag + Samstag<\/td><td class=\"has-text-align-right\" data-align=\"right\">\u20ac 5,00<\/td><\/tr><tr><td>Komfortzimmer<\/td><td><\/td><td class=\"has-text-align-right\" data-align=\"right\">\u20ac 3,50<\/td><\/tr><tr><td>2-Raum-Appartment<\/td><td><\/td><td class=\"has-text-align-right\" data-align=\"right\">\u20ac 8,00<\/td><\/tr><tr><td>Einzelzimmer<\/td><td><\/td><td class=\"has-text-align-right\" data-align=\"right\">\u20ac 15,00<\/td><\/tr><tr><td>Doppelzimmer <\/td><td>solo-use<\/td><td class=\"has-text-align-right\" data-align=\"right\">\u20ac 35,00<\/td><\/tr><\/tbody><\/table><\/figure>\n\n\n\n<h2 class=\"wp-block-heading\">Verpflegung<\/h2>\n\n\n\n<figure class=\"wp-block-table is-style-stripes\"><table><tbody><tr><td>reichhaltiges Fr\u00fchst\u00fccksbuffet<\/td><td class=\"has-text-align-right\" data-align=\"right\">+ \u20ac 10,00<\/td><\/tr><tr><td>Halbpension 3-Gang-Wahlmen\u00fc am Abend<\/td><td class=\"has-text-align-right\" data-align=\"right\">+ \u20ac 19,00<\/td><\/tr><\/tbody><\/table><\/figure>\n\n\n\n<h2 class=\"wp-block-heading\">Kurtaxe \/ Ortstaxe<\/h2>\n\n\n\n<p>alle unser G\u00e4ste erhalten gerne unsere Welcome Card &#8211; die Kurtaxe betr\u00e4gt aktuell \u20ac 3,- \/ Person \/ Nacht f\u00fcr alle G\u00e4ste \u00e4lter als 15 Jahre.<\/p>\n\n\n\n<h2 class=\"wp-block-heading\">Kinder &amp; Jugendliche<\/h2>\n\n\n\n<p>Auf unsere regul\u00e4ren Zimmerpreise bekommen Kinder Erm\u00e4ssigungen wie folgt:<\/p>\n\n\n\n<figure class=\"wp-block-table is-style-stripes\"><table><tbody><tr><td>Babys 0-2 Jahre<\/td><td>kostenlos<\/td><\/tr><tr><td>3 &#8211; 5 Jahre<\/td><td>kostenlos<\/td><\/tr><tr><td>6 &#8211; 11 Jahre<\/td><td>50% Erm\u00e4ssigung<\/td><\/tr><tr><td>12-15 Jahre<\/td><td>20% Erm\u00e4ssigung<\/td><\/tr><tr><td>16 &#8211; 99 Jahre<\/td><td>10% Erm\u00e4ssigung<\/td><\/tr><\/tbody><\/table><\/figure>\n\n\n\n<p>(g\u00fcltig ab der 3. Person im Drei- und Vierbettzimmer und in 2-Raum-Appartments; unsere 2-Raum-Appartments sind auch mit bis zu 5 Personen belegbar).<\/p>\n\n\n\n<p>wir vermieten auch Babybetten falls gew\u00fcnscht f\u00fcr \u20ac 8,- \/ Tag.<br>im Restaurant stehen Kinderst\u00fchle kostenlos zur Verf\u00fcgung.<\/p>\n\n\n\n<p><\/p>\n","protected":false},"excerpt":{"rendered":"<p>g\u00fcltig ab 1 Nacht Aufenthalt &#8211; f\u00fcr l\u00e4ngere Aufenthalte erstellen wir Ihnen gerne ein individuelles Angebot. Preise room-only &#8211; Unsere Preise und Zuschl\u00e4ge verstehen sich immer pro Person pro Nacht und beinhalten alle Steuern mit Ausnahme der Kurtaxe. 1.5.2025 4.07.2025 \u20ac 45,00 5.07.2025 31.7.2025 \u20ac 50,00 1.8.2025 22.8.2025 \u20ac 55,00 23.8.2025 5.9.2025 \u20ac 50,00 6.9.2025 [&hellip;]<\/p>\n","protected":false},"author":1,"featured_media":0,"parent":0,"menu_order":0,"comment_status":"closed","ping_status":"closed","template":"","meta":{"footnotes":""},"class_list":["post-320","page","type-page","status-publish","hentry"],"_links":{"self":[{"href":"https:\/\/www.edelweiss-goetzens.com\/index.php?rest_route=\/wp\/v2\/pages\/320","targetHints":{"allow":["GET"]}}],"collection":[{"href":"https:\/\/www.edelweiss-goetzens.com\/index.php?rest_route=\/wp\/v2\/pages"}],"about":[{"href":"https:\/\/www.edelweiss-goetzens.com\/index.php?rest_route=\/wp\/v2\/types\/page"}],"author":[{"embeddable":true,"href":"https:\/\/www.edelweiss-goetzens.com\/index.php?rest_route=\/wp\/v2\/users\/1"}],"replies":[{"embeddable":true,"href":"https:\/\/www.edelweiss-goetzens.com\/index.php?rest_route=%2Fwp%2Fv2%2Fcomments&post=320"}],"version-history":[{"count":1,"href":"https:\/\/www.edelweiss-goetzens.com\/index.php?rest_route=\/wp\/v2\/pages\/320\/revisions"}],"predecessor-version":[{"id":322,"href":"https:\/\/www.edelweiss-goetzens.com\/index.php?rest_route=\/wp\/v2\/pages\/320\/revisions\/322"}],"wp:attachment":[{"href":"https:\/\/www.edelweiss-goetzens.com\/index.php?rest_route=%2Fwp%2Fv2%2Fmedia&parent=320"}],"curies":[{"name":"wp","href":"https:\/\/api.w.org\/{rel}","templated":true}]}}