{"id":180,"date":"2022-01-04T09:45:22","date_gmt":"2022-01-04T08:45:22","guid":{"rendered":"https:\/\/www.edelweiss-goetzens.com\/?page_id=180"},"modified":"2022-01-04T09:45:22","modified_gmt":"2022-01-04T08:45:22","slug":"pre-check-in","status":"publish","type":"page","link":"https:\/\/www.edelweiss-goetzens.com\/?page_id=180","title":{"rendered":"Pre-Check-In"},"content":{"rendered":"\n<p>Nutzen Sie diesen Service &#8211; sie sparen sich nicht nur wertvolle Urlaubszeit beim Check-In, sondern k\u00f6nnen z.B. schon die \u00f6ffentlichen Verkehrsmittel in Tirol kostenlos nutzen f\u00fcr Ihre Anreise<\/p>\n","protected":false},"excerpt":{"rendered":"<p>Nutzen Sie diesen Service &#8211; sie sparen sich nicht nur wertvolle Urlaubszeit beim Check-In, sondern k\u00f6nnen z.B. schon die \u00f6ffentlichen Verkehrsmittel in Tirol kostenlos nutzen f\u00fcr Ihre Anreise<\/p>\n","protected":false},"author":1,"featured_media":0,"parent":178,"menu_order":0,"comment_status":"closed","ping_status":"closed","template":"","meta":{"footnotes":""},"class_list":["post-180","page","type-page","status-publish","hentry"],"_links":{"self":[{"href":"https:\/\/www.edelweiss-goetzens.com\/index.php?rest_route=\/wp\/v2\/pages\/180","targetHints":{"allow":["GET"]}}],"collection":[{"href":"https:\/\/www.edelweiss-goetzens.com\/index.php?rest_route=\/wp\/v2\/pages"}],"about":[{"href":"https:\/\/www.edelweiss-goetzens.com\/index.php?rest_route=\/wp\/v2\/types\/page"}],"author":[{"embeddable":true,"href":"https:\/\/www.edelweiss-goetzens.com\/index.php?rest_route=\/wp\/v2\/users\/1"}],"replies":[{"embeddable":true,"href":"https:\/\/www.edelweiss-goetzens.com\/index.php?rest_route=%2Fwp%2Fv2%2Fcomments&post=180"}],"version-history":[{"count":1,"href":"https:\/\/www.edelweiss-goetzens.com\/index.php?rest_route=\/wp\/v2\/pages\/180\/revisions"}],"predecessor-version":[{"id":181,"href":"https:\/\/www.edelweiss-goetzens.com\/index.php?rest_route=\/wp\/v2\/pages\/180\/revisions\/181"}],"up":[{"embeddable":true,"href":"https:\/\/www.edelweiss-goetzens.com\/index.php?rest_route=\/wp\/v2\/pages\/178"}],"wp:attachment":[{"href":"https:\/\/www.edelweiss-goetzens.com\/index.php?rest_route=%2Fwp%2Fv2%2Fmedia&parent=180"}],"curies":[{"name":"wp","href":"https:\/\/api.w.org\/{rel}","templated":true}]}}