{"id":164,"date":"2022-01-04T09:37:50","date_gmt":"2022-01-04T08:37:50","guid":{"rendered":"https:\/\/www.edelweiss-goetzens.com\/?page_id=164"},"modified":"2022-01-04T09:37:50","modified_gmt":"2022-01-04T08:37:50","slug":"winter","status":"publish","type":"page","link":"https:\/\/www.edelweiss-goetzens.com\/?page_id=164","title":{"rendered":"Winter"},"content":{"rendered":"\n<p>Winter&nbsp;in Tirol<\/p>\n\n\n\n<p>unsere Wintersaison beginnt bereits Ende November \/ Anfang Dezember mit der \u00d6ffnung unserer Skigebiete und endet mit dem Osterwochenende.<\/p>\n\n\n\n<p>G\u00f6tzens liegt sehr zentral im Herzen von Tirol direkt neben unserer Landeshauptstadt Innsbruck.<\/p>\n\n\n\n<p>F\u00fcr Unterhaltung f\u00fcr jung- und alt ist jederzeit gesorgt<\/p>\n\n\n\n<ul class=\"wp-block-list\"><li>Skifahren<\/li><li>Snowboarden<\/li><li>Langlaufen<\/li><li>Rodeln<\/li><li>Eisstockschie\u00dfen<\/li><li>sonstige Wintersportangebote<\/li><li>Sightseeing<\/li><li>Entspannung<\/li><li>Shoppen<\/li><li>Kultur<\/li><li>Ausgehen \/ Weggehen<\/li><li>&#8230;<\/li><\/ul>\n","protected":false},"excerpt":{"rendered":"<p>Winter&nbsp;in Tirol unsere Wintersaison beginnt bereits Ende November \/ Anfang Dezember mit der \u00d6ffnung unserer Skigebiete und endet mit dem Osterwochenende. G\u00f6tzens liegt sehr zentral im Herzen von Tirol direkt neben unserer Landeshauptstadt Innsbruck. F\u00fcr Unterhaltung f\u00fcr jung- und alt ist jederzeit gesorgt Skifahren Snowboarden Langlaufen Rodeln Eisstockschie\u00dfen sonstige Wintersportangebote Sightseeing Entspannung Shoppen Kultur Ausgehen [&hellip;]<\/p>\n","protected":false},"author":1,"featured_media":0,"parent":160,"menu_order":0,"comment_status":"closed","ping_status":"closed","template":"","meta":{"footnotes":""},"class_list":["post-164","page","type-page","status-publish","hentry"],"_links":{"self":[{"href":"https:\/\/www.edelweiss-goetzens.com\/index.php?rest_route=\/wp\/v2\/pages\/164","targetHints":{"allow":["GET"]}}],"collection":[{"href":"https:\/\/www.edelweiss-goetzens.com\/index.php?rest_route=\/wp\/v2\/pages"}],"about":[{"href":"https:\/\/www.edelweiss-goetzens.com\/index.php?rest_route=\/wp\/v2\/types\/page"}],"author":[{"embeddable":true,"href":"https:\/\/www.edelweiss-goetzens.com\/index.php?rest_route=\/wp\/v2\/users\/1"}],"replies":[{"embeddable":true,"href":"https:\/\/www.edelweiss-goetzens.com\/index.php?rest_route=%2Fwp%2Fv2%2Fcomments&post=164"}],"version-history":[{"count":1,"href":"https:\/\/www.edelweiss-goetzens.com\/index.php?rest_route=\/wp\/v2\/pages\/164\/revisions"}],"predecessor-version":[{"id":165,"href":"https:\/\/www.edelweiss-goetzens.com\/index.php?rest_route=\/wp\/v2\/pages\/164\/revisions\/165"}],"up":[{"embeddable":true,"href":"https:\/\/www.edelweiss-goetzens.com\/index.php?rest_route=\/wp\/v2\/pages\/160"}],"wp:attachment":[{"href":"https:\/\/www.edelweiss-goetzens.com\/index.php?rest_route=%2Fwp%2Fv2%2Fmedia&parent=164"}],"curies":[{"name":"wp","href":"https:\/\/api.w.org\/{rel}","templated":true}]}}