{"id":142,"date":"2022-01-04T09:21:55","date_gmt":"2022-01-04T08:21:55","guid":{"rendered":"https:\/\/www.edelweiss-goetzens.com\/?page_id=142"},"modified":"2022-01-18T18:36:53","modified_gmt":"2022-01-18T17:36:53","slug":"sauna","status":"publish","type":"page","link":"https:\/\/www.edelweiss-goetzens.com\/?page_id=142","title":{"rendered":"Sauna"},"content":{"rendered":"\n<p>Nach dem Skifahren \/ Ihren Ausfl\u00fcgen und Aktivit\u00e4ten steht Ihnen unsere Sauna gerne t\u00e4glich von 16.00 bis 20.00 Uhr kostenlos zur Verf\u00fcgung &#8211; unser Wellnessbreich mit Sauna, Dampfbad, Ruhebereich, Duschen und einem kleinen Au\u00dfenbereich l\u00e4dt zum Entspannen ein.<\/p>\n\n\n\n<p>unsere Sauna ist ca. 3m x 2m gro\u00df und in der Regel mit 90\u00b0 Celsius beheizt &#8211; die Aufg\u00fcsse k\u00f6nnen von den G\u00e4sten selber vorgenommen werden &#8211; Saunat\u00fccher stehen gerne bereit.<\/p>\n\n\n\n<p>das t\u00fcrkische Dampfbad ist ca 3m x 2m gro\u00df und hat eine Temperatur von ca. 60\u00b0 Celsius.<\/p>\n","protected":false},"excerpt":{"rendered":"<p>Nach dem Skifahren \/ Ihren Ausfl\u00fcgen und Aktivit\u00e4ten steht Ihnen unsere Sauna gerne t\u00e4glich von 16.00 bis 20.00 Uhr kostenlos zur Verf\u00fcgung &#8211; unser Wellnessbreich mit Sauna, Dampfbad, Ruhebereich, Duschen und einem kleinen Au\u00dfenbereich l\u00e4dt zum Entspannen ein. unsere Sauna ist ca. 3m x 2m gro\u00df und in der Regel mit 90\u00b0 Celsius beheizt &#8211; [&hellip;]<\/p>\n","protected":false},"author":1,"featured_media":0,"parent":138,"menu_order":0,"comment_status":"closed","ping_status":"closed","template":"","meta":{"footnotes":""},"class_list":["post-142","page","type-page","status-publish","hentry"],"_links":{"self":[{"href":"https:\/\/www.edelweiss-goetzens.com\/index.php?rest_route=\/wp\/v2\/pages\/142","targetHints":{"allow":["GET"]}}],"collection":[{"href":"https:\/\/www.edelweiss-goetzens.com\/index.php?rest_route=\/wp\/v2\/pages"}],"about":[{"href":"https:\/\/www.edelweiss-goetzens.com\/index.php?rest_route=\/wp\/v2\/types\/page"}],"author":[{"embeddable":true,"href":"https:\/\/www.edelweiss-goetzens.com\/index.php?rest_route=\/wp\/v2\/users\/1"}],"replies":[{"embeddable":true,"href":"https:\/\/www.edelweiss-goetzens.com\/index.php?rest_route=%2Fwp%2Fv2%2Fcomments&post=142"}],"version-history":[{"count":3,"href":"https:\/\/www.edelweiss-goetzens.com\/index.php?rest_route=\/wp\/v2\/pages\/142\/revisions"}],"predecessor-version":[{"id":203,"href":"https:\/\/www.edelweiss-goetzens.com\/index.php?rest_route=\/wp\/v2\/pages\/142\/revisions\/203"}],"up":[{"embeddable":true,"href":"https:\/\/www.edelweiss-goetzens.com\/index.php?rest_route=\/wp\/v2\/pages\/138"}],"wp:attachment":[{"href":"https:\/\/www.edelweiss-goetzens.com\/index.php?rest_route=%2Fwp%2Fv2%2Fmedia&parent=142"}],"curies":[{"name":"wp","href":"https:\/\/api.w.org\/{rel}","templated":true}]}}