{"id":140,"date":"2022-01-04T09:20:48","date_gmt":"2022-01-04T08:20:48","guid":{"rendered":"https:\/\/www.edelweiss-goetzens.com\/?page_id=140"},"modified":"2022-01-04T09:21:06","modified_gmt":"2022-01-04T08:21:06","slug":"hallenbad","status":"publish","type":"page","link":"https:\/\/www.edelweiss-goetzens.com\/?page_id=140","title":{"rendered":"Hallenbad"},"content":{"rendered":"\n<p>Wir haben unser Hallenbad t\u00e4glich von 8 Uhr fr\u00fch bis 20 Uhr am Abend f\u00fcr Sie ge\u00f6ffnet.<\/p>\n\n\n\n<p>Es ist 10m x 6m gro\u00df, angenehm beheizt und mit einem integrierten Whirlpool \/ Luftsprudelbad,<\/p>\n\n\n\n<p>einem Wasserfall und einer Jet-Stream-Anlage ausgestattet.<\/p>\n\n\n\n<p>Kinder sind herzlich willkommen aber bitte nur unter Aufsicht der Eltern.<\/p>\n\n\n\n<p>Direkt angrenzend in unserem Wellnessbereich haben wir f\u00fcr Sie unseren Ruhebereich mit &nbsp;Sauna und Dampfbad und unseren Massagebereich.<\/p>\n","protected":false},"excerpt":{"rendered":"<p>Wir haben unser Hallenbad t\u00e4glich von 8 Uhr fr\u00fch bis 20 Uhr am Abend f\u00fcr Sie ge\u00f6ffnet. Es ist 10m x 6m gro\u00df, angenehm beheizt und mit einem integrierten Whirlpool \/ Luftsprudelbad, einem Wasserfall und einer Jet-Stream-Anlage ausgestattet. Kinder sind herzlich willkommen aber bitte nur unter Aufsicht der Eltern. Direkt angrenzend in unserem Wellnessbereich haben [&hellip;]<\/p>\n","protected":false},"author":1,"featured_media":0,"parent":138,"menu_order":0,"comment_status":"closed","ping_status":"closed","template":"","meta":{"footnotes":""},"class_list":["post-140","page","type-page","status-publish","hentry"],"_links":{"self":[{"href":"https:\/\/www.edelweiss-goetzens.com\/index.php?rest_route=\/wp\/v2\/pages\/140","targetHints":{"allow":["GET"]}}],"collection":[{"href":"https:\/\/www.edelweiss-goetzens.com\/index.php?rest_route=\/wp\/v2\/pages"}],"about":[{"href":"https:\/\/www.edelweiss-goetzens.com\/index.php?rest_route=\/wp\/v2\/types\/page"}],"author":[{"embeddable":true,"href":"https:\/\/www.edelweiss-goetzens.com\/index.php?rest_route=\/wp\/v2\/users\/1"}],"replies":[{"embeddable":true,"href":"https:\/\/www.edelweiss-goetzens.com\/index.php?rest_route=%2Fwp%2Fv2%2Fcomments&post=140"}],"version-history":[{"count":1,"href":"https:\/\/www.edelweiss-goetzens.com\/index.php?rest_route=\/wp\/v2\/pages\/140\/revisions"}],"predecessor-version":[{"id":141,"href":"https:\/\/www.edelweiss-goetzens.com\/index.php?rest_route=\/wp\/v2\/pages\/140\/revisions\/141"}],"up":[{"embeddable":true,"href":"https:\/\/www.edelweiss-goetzens.com\/index.php?rest_route=\/wp\/v2\/pages\/138"}],"wp:attachment":[{"href":"https:\/\/www.edelweiss-goetzens.com\/index.php?rest_route=%2Fwp%2Fv2%2Fmedia&parent=140"}],"curies":[{"name":"wp","href":"https:\/\/api.w.org\/{rel}","templated":true}]}}