{"id":138,"date":"2022-01-04T09:19:55","date_gmt":"2022-01-04T08:19:55","guid":{"rendered":"https:\/\/www.edelweiss-goetzens.com\/?page_id=138"},"modified":"2022-01-18T18:33:51","modified_gmt":"2022-01-18T17:33:51","slug":"wellnessbereich","status":"publish","type":"page","link":"https:\/\/www.edelweiss-goetzens.com\/?page_id=138","title":{"rendered":"Wellnessbereich"},"content":{"rendered":"\n<p>alle unsere Einrichtungen stehen unseren Hotelg\u00e4sten kostenlos zur Verf\u00fcgung<\/p>\n\n\n\n<p>unser Wellnessbereich verf\u00fcgt \u00fcber<\/p>\n\n\n\n<ul class=\"wp-block-list\"><li><a href=\"http:\/\/www2.edelweiss-goetzens.com\/index.php\/wellness-menue\/hallenbad-menue\">Hallenbad<\/a><\/li><li><a href=\"http:\/\/www2.edelweiss-goetzens.com\/index.php\/10-ausstattung\/19-sauna\">Sauna<\/a><\/li><li><a href=\"http:\/\/www2.edelweiss-goetzens.com\/index.php\/10-ausstattung\/20-dampfbad\">Dampfbad<\/a><\/li><\/ul>\n","protected":false},"excerpt":{"rendered":"<p>alle unsere Einrichtungen stehen unseren Hotelg\u00e4sten kostenlos zur Verf\u00fcgung unser Wellnessbereich verf\u00fcgt \u00fcber Hallenbad Sauna Dampfbad<\/p>\n","protected":false},"author":1,"featured_media":0,"parent":0,"menu_order":0,"comment_status":"closed","ping_status":"closed","template":"","meta":{"footnotes":""},"class_list":["post-138","page","type-page","status-publish","hentry"],"_links":{"self":[{"href":"https:\/\/www.edelweiss-goetzens.com\/index.php?rest_route=\/wp\/v2\/pages\/138","targetHints":{"allow":["GET"]}}],"collection":[{"href":"https:\/\/www.edelweiss-goetzens.com\/index.php?rest_route=\/wp\/v2\/pages"}],"about":[{"href":"https:\/\/www.edelweiss-goetzens.com\/index.php?rest_route=\/wp\/v2\/types\/page"}],"author":[{"embeddable":true,"href":"https:\/\/www.edelweiss-goetzens.com\/index.php?rest_route=\/wp\/v2\/users\/1"}],"replies":[{"embeddable":true,"href":"https:\/\/www.edelweiss-goetzens.com\/index.php?rest_route=%2Fwp%2Fv2%2Fcomments&post=138"}],"version-history":[{"count":2,"href":"https:\/\/www.edelweiss-goetzens.com\/index.php?rest_route=\/wp\/v2\/pages\/138\/revisions"}],"predecessor-version":[{"id":201,"href":"https:\/\/www.edelweiss-goetzens.com\/index.php?rest_route=\/wp\/v2\/pages\/138\/revisions\/201"}],"wp:attachment":[{"href":"https:\/\/www.edelweiss-goetzens.com\/index.php?rest_route=%2Fwp%2Fv2%2Fmedia&parent=138"}],"curies":[{"name":"wp","href":"https:\/\/api.w.org\/{rel}","templated":true}]}}